{"id":335,"date":"2020-05-15T13:30:39","date_gmt":"2020-05-15T13:30:39","guid":{"rendered":"http:\/\/tehnicka.skolabd.edu.ba\/?page_id=335"},"modified":"2023-01-21T00:42:21","modified_gmt":"2023-01-21T00:42:21","slug":"home","status":"publish","type":"page","link":"https:\/\/tehnicka.skolabd.edu.ba\/index.php\/home\/","title":{"rendered":"Home"},"content":{"rendered":"<p><b>Sa zadovoljstvom vas sve obavje\u0161tavamo da je na\u0161a \u0161kola postigla odli\u010dan uspjeh na ovogodi\u0161njem upisu, hvala vam \u0161to ste prepoznali budu\u0107nost u na\u0161em timu i \u0161to ste odabrali na\u0161u \u0161kolu. Mo\u017eemo sa ponosom ista\u0107i da je na\u0161u \u0161kolu upisalo 40% osnovaca Br\u010dko distrikta. Kona\u010dna rang lista upisa nalazi se ispod:<\/b><\/p>\n<p><b><a href=\"https:\/\/tehnicka.skolabd.edu.ba\/wp-content\/uploads\/2022\/06\/autoelektricar.pdf\" class=\"pdfemb-viewer\" style=\"\" data-width=\"max\" data-height=\"max\" data-toolbar=\"bottom\" data-toolbar-fixed=\"off\">autoelektricar<\/a> <a href=\"https:\/\/tehnicka.skolabd.edu.ba\/wp-content\/uploads\/2022\/06\/automehanicar-autolimar.pdf\" class=\"pdfemb-viewer\" style=\"\" data-width=\"max\" data-height=\"max\" data-toolbar=\"bottom\" data-toolbar-fixed=\"off\">automehanicar-autolimar<\/a> <a href=\"https:\/\/tehnicka.skolabd.edu.ba\/wp-content\/uploads\/2022\/06\/bravar-obradjivac-metala.pdf\" class=\"pdfemb-viewer\" style=\"\" data-width=\"max\" data-height=\"max\" data-toolbar=\"bottom\" data-toolbar-fixed=\"off\">bravar-obradjivac metala<\/a> <a href=\"https:\/\/tehnicka.skolabd.edu.ba\/wp-content\/uploads\/2022\/06\/dizajner-modni-tehnicar.pdf\" class=\"pdfemb-viewer\" style=\"\" data-width=\"max\" data-height=\"max\" data-toolbar=\"bottom\" data-toolbar-fixed=\"off\">dizajner-modni tehnicar<\/a> <a href=\"https:\/\/tehnicka.skolabd.edu.ba\/wp-content\/uploads\/2022\/06\/elektricar.pdf\" class=\"pdfemb-viewer\" style=\"\" data-width=\"max\" data-height=\"max\" data-toolbar=\"bottom\" data-toolbar-fixed=\"off\">elektricar<\/a> <a href=\"https:\/\/tehnicka.skolabd.edu.ba\/wp-content\/uploads\/2022\/06\/elektrotehnicari-racunarstva.pdf\" class=\"pdfemb-viewer\" style=\"\" data-width=\"max\" data-height=\"max\" data-toolbar=\"bottom\" data-toolbar-fixed=\"off\">elektrotehnicari racunarstva<\/a> <a href=\"https:\/\/tehnicka.skolabd.edu.ba\/wp-content\/uploads\/2022\/06\/instalater.pdf\" class=\"pdfemb-viewer\" style=\"\" data-width=\"max\" data-height=\"max\" data-toolbar=\"bottom\" data-toolbar-fixed=\"off\">instalater<\/a> <a href=\"https:\/\/tehnicka.skolabd.edu.ba\/wp-content\/uploads\/2022\/06\/masinski-tehnicari.pdf\" class=\"pdfemb-viewer\" style=\"\" data-width=\"max\" data-height=\"max\" data-toolbar=\"bottom\" data-toolbar-fixed=\"off\">masinski tehnicari<\/a> <a href=\"https:\/\/tehnicka.skolabd.edu.ba\/wp-content\/uploads\/2022\/06\/rukovalac-gradjevinskih-i-pretovarnih-masina.pdf\" class=\"pdfemb-viewer\" style=\"\" data-width=\"max\" data-height=\"max\" data-toolbar=\"bottom\" data-toolbar-fixed=\"off\">rukovalac gradjevinskih i pretovarnih masina<\/a> <a href=\"https:\/\/tehnicka.skolabd.edu.ba\/wp-content\/uploads\/2022\/06\/tehnicar-drumskog-saobracaja.pdf\" class=\"pdfemb-viewer\" style=\"\" data-width=\"max\" data-height=\"max\" data-toolbar=\"bottom\" data-toolbar-fixed=\"off\">tehnicar drumskog saobracaja<\/a> <a href=\"https:\/\/tehnicka.skolabd.edu.ba\/wp-content\/uploads\/2022\/06\/tehnicar-elektroenergetike.pdf\" class=\"pdfemb-viewer\" style=\"\" data-width=\"max\" data-height=\"max\" data-toolbar=\"bottom\" data-toolbar-fixed=\"off\">tehnicar elektroenergetike<\/a> <a href=\"https:\/\/tehnicka.skolabd.edu.ba\/wp-content\/uploads\/2022\/06\/tehnicari-za-mehatroniku.pdf\" class=\"pdfemb-viewer\" style=\"\" data-width=\"max\" data-height=\"max\" data-toolbar=\"bottom\" data-toolbar-fixed=\"off\">tehnicari za mehatroniku<\/a> <a href=\"https:\/\/tehnicka.skolabd.edu.ba\/wp-content\/uploads\/2022\/06\/vozac-motornih-vozila.pdf\" class=\"pdfemb-viewer\" style=\"\" data-width=\"max\" data-height=\"max\" data-toolbar=\"bottom\" data-toolbar-fixed=\"off\">vozac motornih vozila<\/a> <a href=\"https:\/\/tehnicka.skolabd.edu.ba\/wp-content\/uploads\/2022\/06\/zavarivac.pdf\" class=\"pdfemb-viewer\" style=\"\" data-width=\"max\" data-height=\"max\" data-toolbar=\"bottom\" data-toolbar-fixed=\"off\">zavarivac<\/a> <a href=\"https:\/\/tehnicka.skolabd.edu.ba\/wp-content\/uploads\/2022\/06\/zidar-keramicar.pdf\" class=\"pdfemb-viewer\" style=\"\" data-width=\"max\" data-height=\"max\" data-toolbar=\"bottom\" data-toolbar-fixed=\"off\">zidar-keramicar<\/a><\/b><\/p>\n<blockquote cite=\"https:\/\/www.tiktok.com\/@tehnickaskolabrcko\/video\/7113854089515109638\" data-video-id=\"7113854089515109638\" style=\"max-width: 605px;min-width: 325px;\" >\n<section> <a target=\"_blank\" title=\"@tehnickaskolabrcko\" href=\"https:\/\/www.tiktok.com\/@tehnickaskolabrcko\" rel=\"noopener\">@tehnickaskolabrcko<\/a> <a title=\"gohuaweicloud\" target=\"_blank\" href=\"https:\/\/www.tiktok.com\/tag\/gohuaweicloud\" rel=\"noopener\">#GoHUAWEICLOUD<\/a> <a title=\"foryou\" target=\"_blank\" href=\"https:\/\/www.tiktok.com\/tag\/foryou\" rel=\"noopener\">#foryou<\/a> <a title=\"fyp\" target=\"_blank\" href=\"https:\/\/www.tiktok.com\/tag\/fyp\" rel=\"noopener\">#fyp<\/a> <a title=\"upisusrednju\" target=\"_blank\" href=\"https:\/\/www.tiktok.com\/tag\/upisusrednju\" rel=\"noopener\">#upisusrednju<\/a> <a title=\"tehnickaskolabrcko\" target=\"_blank\" href=\"https:\/\/www.tiktok.com\/tag\/tehnickaskolabrcko\" rel=\"noopener\">#tehnickaskolabrcko<\/a> <a target=\"_blank\" title=\"\u266c Sweet psycho - Official Sound Studio\" href=\"https:\/\/www.tiktok.com\/music\/Sweet-psycho-6662902603044621068\" rel=\"noopener\">\u266c Sweet psycho &#8211; Official Sound Studio<\/a> <\/section>\n<\/blockquote>\n<p><strong>Trenutno je na upisu 27.6.2022 obra\u0111eno 222 od zaprimljenih 260 prijava.<\/strong><\/p>\n<p><strong>Broj prijava po zanimanjima:<\/strong><br \/><strong>Zanimanje Broj prijava<\/strong><br \/><strong>Autoelektri\u010dar &#8211;\u00a0<\/strong><strong>12<\/strong><br \/><strong>Automehani\u010dar\/Autolimar &#8211;\u00a0<\/strong><strong>18<\/strong><br \/><strong>Bravar\/Obra\u0111iva\u010d metala &#8211;\u00a0<\/strong><strong>6<\/strong><br \/><strong>Elektri\u010dar &#8211;\u00a0<\/strong><strong>17<\/strong><br \/><strong>Elektroteh. Ra\u010dunarstva &#8211;\u00a0<\/strong><strong>27<\/strong><br \/><strong>Geodetski tehni\u010dar &#8211;\u00a0<\/strong><strong>13<\/strong><br \/><strong>Gra\u0111evinski tehni\u010dar &#8211;\u00a0<\/strong><strong>30<\/strong><br \/><strong>Ma\u0161. Teh.\/CNC programer &#8211;\u00a0<\/strong><strong>20<\/strong><br \/><strong>Rukovalac gra\u0111. Ma\u0161ina &#8211;\u00a0<\/strong><strong>2<\/strong><br \/><strong>Tehni\u010dar drum. Saobra\u0107aja &#8211;\u00a0<\/strong><strong>37<\/strong><br \/><strong>Tehni\u010dar za mehatroniku &#8211;\u00a0<\/strong><strong>22<\/strong><br \/><strong>Voza\u010d motornih vozila &#8211;\u00a0<\/strong><strong>11<\/strong><br \/><strong>Zavariva\u010d-varilac &#8211;\u00a0<\/strong><strong>7<\/strong><\/p>\n<p><strong>Obavje\u0161tenje za u\u010denike i roditelje u\u010denika koji se upisiju<\/strong><\/p>\n<p><strong>u \u00a0prvi razred srednjih \u0161kola<\/strong><\/p>\n<p><strong>Odjel\u0458enje za obrazovanje Vlade Br\u010dko distrikta BiH obavje\u0161tava u\u010denike i roditel\u0458e u\u010denika koji se<\/strong><br \/><strong>upisuju u prve razrede srednjih \u0161kola u Br\u010dko distriktu BiH da je Vlada Br\u010dko distrikta BiH donijela<\/strong><br \/><strong>odluku o utvr\u0111ivanju deficitarnih zanimanja za \u0161kolsku 2022\/2023. godinu.<\/strong><br \/><strong>Deficitarna zanimanja za \u0161kolsku 2022\/2023. godinu su:<\/strong><br \/><strong>1. \u00a0 \u00a0 \u00a0 \u00a0Zavariva\u010d\/Varilac, III stepen;<\/strong><br \/><strong>2. \u00a0 \u00a0 \u00a0 \u00a0Bravar\/Obra\u0111iva\u010d metala rezanjem, III stepen;<\/strong><br \/><strong>3. \u00a0 \u00a0 \u00a0 \u00a0Elektri\u010dar, III stepen;<\/strong><br \/><strong>4. \u00a0 \u00a0 \u00a0 \u00a0Zidar\/Kerami\u010dar, III stepen;<\/strong><br \/><strong>5. \u00a0 \u00a0 \u00a0 \u00a0Kuvar-Kuhar\/Konobar, III stepen;<\/strong><br \/><strong>U\u010denici koji su sa podru\u010dja Br\u010dko distrikta BiH i koji upi\u0161u redovno \u0161kolovanje \u00a0u jednom od<\/strong><br \/><strong>deficitarnih zanimanja ostavri\u0107e pravo na stipendiju u mjese\u010dnom isnosu od 100,00 KM u \u0161kolskoj<\/strong><br \/><strong>2022\/2023. godini.<\/strong><\/p>\n<p>\t\t\t\t\t\t\t\t\t\t\t\t<img loading=\"lazy\" decoding=\"async\" width=\"691\" height=\"874\" src=\"http:\/\/tehnicka.skolabd.edu.ba\/wp-content\/uploads\/2022\/06\/upisslika.jpg\" alt=\"\" loading=\"lazy\" srcset=\"http:\/\/tehnicka.skolabd.edu.ba\/wp-content\/uploads\/2022\/06\/upisslika.jpg 691w, http:\/\/tehnicka.skolabd.edu.ba\/wp-content\/uploads\/2022\/06\/upisslika-237x300.jpg 237w\" sizes=\"auto, (max-width: 691px) 100vw, 691px\" \/><\/p>\n","protected":false},"excerpt":{"rendered":"<p>Sa zadovoljstvom vas sve obavje\u0161tavamo da je na\u0161a \u0161kola postigla odli\u010dan uspjeh na ovogodi\u0161njem upisu, hvala vam \u0161to ste prepoznali budu\u0107nost u na\u0161em timu i \u0161to ste odabrali na\u0161u \u0161kolu. Mo\u017eemo sa ponosom ista\u0107i da je na\u0161u \u0161kolu upisalo 40% osnovaca Br\u010dko distrikta. Kona\u010dna rang lista upisa nalazi se ispod: @tehnickaskolabrcko #GoHUAWEICLOUD #foryou #fyp #upisusrednju [&hellip;]<\/p>\n","protected":false},"author":1,"featured_media":0,"parent":0,"menu_order":0,"comment_status":"closed","ping_status":"closed","template":"","meta":{"_monsterinsights_skip_tracking":false,"_monsterinsights_sitenote_active":false,"_monsterinsights_sitenote_note":"","_monsterinsights_sitenote_category":0,"footnotes":""},"class_list":["post-335","page","type-page","status-publish","hentry"],"_links":{"self":[{"href":"https:\/\/tehnicka.skolabd.edu.ba\/index.php\/wp-json\/wp\/v2\/pages\/335","targetHints":{"allow":["GET"]}}],"collection":[{"href":"https:\/\/tehnicka.skolabd.edu.ba\/index.php\/wp-json\/wp\/v2\/pages"}],"about":[{"href":"https:\/\/tehnicka.skolabd.edu.ba\/index.php\/wp-json\/wp\/v2\/types\/page"}],"author":[{"embeddable":true,"href":"https:\/\/tehnicka.skolabd.edu.ba\/index.php\/wp-json\/wp\/v2\/users\/1"}],"replies":[{"embeddable":true,"href":"https:\/\/tehnicka.skolabd.edu.ba\/index.php\/wp-json\/wp\/v2\/comments?post=335"}],"version-history":[{"count":2,"href":"https:\/\/tehnicka.skolabd.edu.ba\/index.php\/wp-json\/wp\/v2\/pages\/335\/revisions"}],"predecessor-version":[{"id":513,"href":"https:\/\/tehnicka.skolabd.edu.ba\/index.php\/wp-json\/wp\/v2\/pages\/335\/revisions\/513"}],"wp:attachment":[{"href":"https:\/\/tehnicka.skolabd.edu.ba\/index.php\/wp-json\/wp\/v2\/media?parent=335"}],"curies":[{"name":"wp","href":"https:\/\/api.w.org\/{rel}","templated":true}]}}