{"id":339,"date":"2019-11-15T10:25:15","date_gmt":"2019-11-15T10:25:15","guid":{"rendered":"http:\/\/tehnicka.skolabd.edu.ba\/?page_id=339"},"modified":"2023-01-20T23:06:43","modified_gmt":"2023-01-20T23:06:43","slug":"elektrotehnika-2","status":"publish","type":"page","link":"http:\/\/tehnicka.skolabd.edu.ba\/index.php\/elektrotehnika-2\/","title":{"rendered":"Elektrotehnika"},"content":{"rendered":"\r\n<p><a href=\"elektro1.html\">Elektrotehni\u010dar ra\u010dunarstva<\/a><br><a href=\"elektro2.html\">Elektrotehni\u010dar<\/a><br><a href=\"elektro3.html\">Tehni\u010dar za mehatroniku<\/a><br><a href=\"elektro4.html\">Elektri\u010dar<\/a><br><a href=\"elektro5.html\">Autoelektri\u010dar<\/a><\/p>\r\n","protected":false},"excerpt":{"rendered":"<p>Elektrotehni\u010dar ra\u010dunarstvaElektrotehni\u010darTehni\u010dar za mehatronikuElektri\u010darAutoelektri\u010dar<\/p>\n","protected":false},"author":1,"featured_media":0,"parent":0,"menu_order":0,"comment_status":"closed","ping_status":"closed","template":"","meta":{"_monsterinsights_skip_tracking":false,"_monsterinsights_sitenote_active":false,"_monsterinsights_sitenote_note":"","_monsterinsights_sitenote_category":0,"footnotes":""},"class_list":["post-339","page","type-page","status-publish","hentry"],"_links":{"self":[{"href":"http:\/\/tehnicka.skolabd.edu.ba\/index.php\/wp-json\/wp\/v2\/pages\/339","targetHints":{"allow":["GET"]}}],"collection":[{"href":"http:\/\/tehnicka.skolabd.edu.ba\/index.php\/wp-json\/wp\/v2\/pages"}],"about":[{"href":"http:\/\/tehnicka.skolabd.edu.ba\/index.php\/wp-json\/wp\/v2\/types\/page"}],"author":[{"embeddable":true,"href":"http:\/\/tehnicka.skolabd.edu.ba\/index.php\/wp-json\/wp\/v2\/users\/1"}],"replies":[{"embeddable":true,"href":"http:\/\/tehnicka.skolabd.edu.ba\/index.php\/wp-json\/wp\/v2\/comments?post=339"}],"version-history":[{"count":1,"href":"http:\/\/tehnicka.skolabd.edu.ba\/index.php\/wp-json\/wp\/v2\/pages\/339\/revisions"}],"predecessor-version":[{"id":340,"href":"http:\/\/tehnicka.skolabd.edu.ba\/index.php\/wp-json\/wp\/v2\/pages\/339\/revisions\/340"}],"wp:attachment":[{"href":"http:\/\/tehnicka.skolabd.edu.ba\/index.php\/wp-json\/wp\/v2\/media?parent=339"}],"curies":[{"name":"wp","href":"https:\/\/api.w.org\/{rel}","templated":true}]}}