{"id":331,"date":"2019-11-15T10:26:06","date_gmt":"2019-11-15T10:26:06","guid":{"rendered":"http:\/\/tehnicka.skolabd.edu.ba\/?page_id=331"},"modified":"2023-01-20T23:03:39","modified_gmt":"2023-01-20T23:03:39","slug":"masinstvo","status":"publish","type":"page","link":"http:\/\/tehnicka.skolabd.edu.ba\/index.php\/masinstvo\/","title":{"rendered":"Ma\u0161instvo i obrada metala"},"content":{"rendered":"\r\n<p><a href=\"masin1.html\">Ma\u0161inski tehni\u010dar za kompjutersko konstruisanje<\/a><br><a href=\"masin2.html\">Automehani\u010dar<\/a><br><a href=\"masin3.html\">Instalater<\/a><br><a href=\"masin4.html\">Bravar\/obra\u0111iva\u010d metala rezanjem<\/a><\/p>\r\n","protected":false},"excerpt":{"rendered":"<p>Ma\u0161inski tehni\u010dar za kompjutersko konstruisanjeAutomehani\u010darInstalaterBravar\/obra\u0111iva\u010d metala rezanjem<\/p>\n","protected":false},"author":1,"featured_media":0,"parent":0,"menu_order":0,"comment_status":"closed","ping_status":"closed","template":"","meta":{"_monsterinsights_skip_tracking":false,"_monsterinsights_sitenote_active":false,"_monsterinsights_sitenote_note":"","_monsterinsights_sitenote_category":0,"footnotes":""},"class_list":["post-331","page","type-page","status-publish","hentry"],"_links":{"self":[{"href":"http:\/\/tehnicka.skolabd.edu.ba\/index.php\/wp-json\/wp\/v2\/pages\/331","targetHints":{"allow":["GET"]}}],"collection":[{"href":"http:\/\/tehnicka.skolabd.edu.ba\/index.php\/wp-json\/wp\/v2\/pages"}],"about":[{"href":"http:\/\/tehnicka.skolabd.edu.ba\/index.php\/wp-json\/wp\/v2\/types\/page"}],"author":[{"embeddable":true,"href":"http:\/\/tehnicka.skolabd.edu.ba\/index.php\/wp-json\/wp\/v2\/users\/1"}],"replies":[{"embeddable":true,"href":"http:\/\/tehnicka.skolabd.edu.ba\/index.php\/wp-json\/wp\/v2\/comments?post=331"}],"version-history":[{"count":1,"href":"http:\/\/tehnicka.skolabd.edu.ba\/index.php\/wp-json\/wp\/v2\/pages\/331\/revisions"}],"predecessor-version":[{"id":332,"href":"http:\/\/tehnicka.skolabd.edu.ba\/index.php\/wp-json\/wp\/v2\/pages\/331\/revisions\/332"}],"wp:attachment":[{"href":"http:\/\/tehnicka.skolabd.edu.ba\/index.php\/wp-json\/wp\/v2\/media?parent=331"}],"curies":[{"name":"wp","href":"https:\/\/api.w.org\/{rel}","templated":true}]}}