{"id":329,"date":"2019-11-15T09:20:17","date_gmt":"2019-11-15T09:20:17","guid":{"rendered":"http:\/\/tehnicka.skolabd.edu.ba\/?page_id=329"},"modified":"2023-01-21T00:42:48","modified_gmt":"2023-01-21T00:42:48","slug":"o-nama","status":"publish","type":"page","link":"http:\/\/tehnicka.skolabd.edu.ba\/index.php\/o-nama\/","title":{"rendered":"O nama"},"content":{"rendered":"<iframe title=\"JU Tehni\u010dka \u0161kola Br\u010dko\" width=\"640\" height=\"360\" src=\"https:\/\/www.youtube.com\/embed\/Pbcc1YpG2QI?feature=oembed\" frameborder=\"0\" allow=\"accelerometer; autoplay; clipboard-write; encrypted-media; gyroscope; picture-in-picture; web-share\" referrerpolicy=\"strict-origin-when-cross-origin\" allowfullscreen><\/iframe>\t\t\r\n\t\t\t\t0\r\n\t\t\t\t\t\t\tU\u010denika trenutno poha\u0111a \u0161kolu\r\n\t\t\t\t\t<a href=\"https:\/\/m.facebook.com\/TehnickaSkolaBrckoDistriktBiH\/events\/?ref=page_internal&#038;mt_nav=0\" target=\"_blank\" rel=\"noopener\">\r\n\t\t\t\t\t\tFacebook\r\n\t\t\t\t\t\t\t\t\t\t\t<\/a>\r\n\t\t\t\t\t<a href=\"https:\/\/www.youtube.com\/channel\/UCy9rK1UNnH7ozwPFatVRUCA?app=desktop\" target=\"_blank\" rel=\"noopener\">\r\n\t\t\t\t\t\tYoutube\r\n\t\t\t\t\t\t\t\t\t\t\t<\/a>\r\n\t\t\t\t\t<a href=\"https:\/\/www.instagram.com\/tehnickaskolabrcko\/?igshid=b5hhq9nvde1l\" target=\"_blank\" rel=\"noopener\">\r\n\t\t\t\t\t\tInstagram\r\n\t\t\t\t\t\t\t\t\t\t\t<\/a>\r\n\t\t\t\t\t<a href=\"https:\/\/www.tiktok.com\/@tehnickaskolabrcko?is_from_webapp=1&#038;sender_device=pc\" target=\"_blank\" rel=\"noopener\">\r\n\t\t\t\t\t\tTiktok\r\n\t\t\t\t\t\t\t\t\t\t\t<\/a>\r\n\t\t\t\t\t\t\t\t<figure><img decoding=\"async\" src=\"http:\/\/tehnicka.skolabd.edu.ba\/wp-content\/uploads\/2022\/05\/screenshot_8-300x212.jpg\" alt=\"Dan \u0160kole 2022\" \/><figcaption>Direktor Dejan Nikoli\u0107<\/figcaption><\/figure><figure><img decoding=\"async\" src=\"http:\/\/tehnicka.skolabd.edu.ba\/wp-content\/uploads\/2022\/05\/screenshot_7-300x190.jpg\" alt=\"Screenshot_7\" \/><\/figure><figure><img decoding=\"async\" src=\"http:\/\/tehnicka.skolabd.edu.ba\/wp-content\/uploads\/2022\/05\/screenshot_6-300x174.jpg\" alt=\"Screenshot_6\" \/><\/figure><figure><img decoding=\"async\" src=\"http:\/\/tehnicka.skolabd.edu.ba\/wp-content\/uploads\/2022\/05\/screenshot_5-300x183.jpg\" alt=\"Screenshot_5\" \/><\/figure><figure><img decoding=\"async\" src=\"http:\/\/tehnicka.skolabd.edu.ba\/wp-content\/uploads\/2022\/05\/screenshot_4-300x215.jpg\" alt=\"Screenshot_4\" \/><\/figure><figure><img decoding=\"async\" src=\"http:\/\/tehnicka.skolabd.edu.ba\/wp-content\/uploads\/2022\/05\/screenshot_3-300x174.jpg\" alt=\"Folklor\" \/><figcaption>Folklor<\/figcaption><\/figure><figure><img decoding=\"async\" src=\"http:\/\/tehnicka.skolabd.edu.ba\/wp-content\/uploads\/2022\/05\/screenshot_1-300x211.jpg\" alt=\"Dan \u0160kole 2022\" \/><figcaption>Ske\u010d<\/figcaption><\/figure><figure><img decoding=\"async\" src=\"http:\/\/tehnicka.skolabd.edu.ba\/wp-content\/uploads\/2022\/05\/screenshot_2-300x199.jpg\" alt=\"Dan \u0160kole 2022\" \/><figcaption>Modna revija<\/figcaption><\/figure>\t\t\t\r\n\t\t\t\t\t\t\t\t\t\t\t\tPrevious\r\n\t\t\t\t\t\t\t\t\t\t\t\tNext\r\n\t\t\t\t\t\t\t&#8220;\u0416\u0435\u043b\u0438\u043e \u0431\u0438\u0445 \u0434\u0430 \u043f\u043e\u0437\u0434\u0440\u0430\u0432\u0438\u043c \u0441\u0432\u0435 \u043e\u0441\u043d\u043e\u0432\u0446\u0435 \u043e\u0434\u043d.\u0431\u0443\u0434\u0443\u045b\u0435 \u0441\u0440\u0435\u0434\u045a\u043e\u0448\u043a\u043e\u043b\u0446\u0435 \u0438 \u043d\u0430\u0434\u0430\u043c \u0441\u0435 \u0434\u0430 \u043e\u0432\u0443 \u0448\u043a\u043e\u043b\u0441\u043a\u0443 \u0433\u043e\u0434\u0438\u043d\u0443 \u043f\u0440\u0438\u0432\u043e\u0434\u0435 \u0443\u0441\u043f\u0458\u0435\u0448\u043d\u043e \u043a\u0440\u0430\u0458\u0443 \u0438 \u0434\u0430 \u045b\u0435 \u0434\u043e\u043d\u0438\u0458\u0435\u0442\u0438 \u043f\u0440\u0430\u0432\u0443 \u043e\u0434\u043b\u0443\u043a\u0443 \u043f\u0440\u0438\u043b\u0438\u043a\u043e\u043c \u0443\u043f\u0438\u0441\u0430 \u0443 \u0441\u0440\u0435\u0434\u045a\u0443 \u0448\u043a\u043e\u043b\u0443&#8221;\r\n\t\t\t\t\t\t\t<img loading=\"lazy\" decoding=\"async\" width=\"793\" height=\"560\" src=\"http:\/\/tehnicka.skolabd.edu.ba\/wp-content\/uploads\/2022\/05\/screenshot_8.jpg\" alt=\"Dan \u0160kole 2022\" loading=\"lazy\" \/>\t\t\t\t\t\t\r\n\t\t\t\t\t\t\t\t\t\t\t\t\t\t\u0414\u0438\u0440\u0435\u043a\u0442\u043e\u0440 \u0414\u0435\u0458\u0430\u043d \u041d\u0438\u043a\u043e\u043b\u0438\u045b\r\n\t\t\t\t\t\t\t\t\t\t\t\t\t\t\t\t\t\t\t\t\t\t\u0434\u0440.\u0434\u0438\u043f\u043b.\u0438\u043d\u0433.\u0435\u043b\u0442\u0435\u0445.\r\n\t\thttps:\/\/youtu.be\/xCmGbrF3hPw<p><\/p>\r\n<p>\u00a0<\/p>\r\n<p><\/p>\t\t\r\n\t\t\t\t\t\t\t\t\t\t\t\t<img loading=\"lazy\" decoding=\"async\" width=\"1024\" height=\"459\" src=\"http:\/\/tehnicka.skolabd.edu.ba\/wp-content\/uploads\/2019\/11\/geodezija2-1-1024x459.jpg\" alt=\"\" loading=\"lazy\" srcset=\"http:\/\/tehnicka.skolabd.edu.ba\/wp-content\/uploads\/2019\/11\/geodezija2-1-1024x459.jpg 1024w, http:\/\/tehnicka.skolabd.edu.ba\/wp-content\/uploads\/2019\/11\/geodezija2-1-300x134.jpg 300w, http:\/\/tehnicka.skolabd.edu.ba\/wp-content\/uploads\/2019\/11\/geodezija2-1-768x344.jpg 768w, http:\/\/tehnicka.skolabd.edu.ba\/wp-content\/uploads\/2019\/11\/geodezija2-1.jpg 1138w\" sizes=\"auto, (max-width: 1024px) 100vw, 1024px\" \/>\t\t\t\t\t\t\t\t\t\t\t\t\t\t\r\n\t\t<p><strong>Za ovu \u0161kolu su vezani po\u010deci obrazovanja za radni\u010dka i tehni\u010dka zanimanja u Br\u010dkom, a oni po\u010dinju od daleke \u0161kolske 1947\/48. godine i \u0160kole u\u010denika u trgovini, u kojoj su te \u0161kolske godine upisana prva dva odjeljenja za obrazovanje u dvogodi\u0161njem trajanju sa ukupno 34 u\u010denika,te \u0160kole u\u010denika u privredi u kojoj je iste \u00a0godine bilo upisano 102 u\u010denika.<\/strong><\/p>\r\n<p><strong>\u0160kolske 1972\/73. godine do\u0161lo je do spajanja Tehni\u010dke \u0161kole \u201e 7 April \u201c Br\u010dko koja je osnovana 1961\/62 \u00a0\u010diji je pravni sljedbenik bila dana\u0161nja JU Tehni\u010dka \u0161kola Br\u010dko i \u0160kole u\u010denika u privredi \u201e Hasan Aganovi\u0107 \u2013 Ta\u010d \u201c u Tehni\u010dki \u0161kolski centar \u201e Hasan Buri\u0107 \u201c Br\u010dko.\u00a0<\/strong><\/p>\t\t\r\n\t\t\t\t\t\t\t\t\t\t\t\t<img loading=\"lazy\" decoding=\"async\" width=\"571\" height=\"438\" src=\"http:\/\/tehnicka.skolabd.edu.ba\/wp-content\/uploads\/2019\/11\/masin13.png\" alt=\"\" loading=\"lazy\" srcset=\"http:\/\/tehnicka.skolabd.edu.ba\/wp-content\/uploads\/2019\/11\/masin13.png 571w, http:\/\/tehnicka.skolabd.edu.ba\/wp-content\/uploads\/2019\/11\/masin13-300x230.png 300w\" sizes=\"auto, (max-width: 571px) 100vw, 571px\" \/>\t\t\t\t\t\t\t\t\t\t\t\t\t\t\r\n\t\t\t\t\t\t\t\t\t\t\t\t<img loading=\"lazy\" decoding=\"async\" width=\"601\" height=\"414\" src=\"http:\/\/tehnicka.skolabd.edu.ba\/wp-content\/uploads\/2019\/11\/elektro1.jpg\" alt=\"\" loading=\"lazy\" srcset=\"http:\/\/tehnicka.skolabd.edu.ba\/wp-content\/uploads\/2019\/11\/elektro1.jpg 601w, http:\/\/tehnicka.skolabd.edu.ba\/wp-content\/uploads\/2019\/11\/elektro1-300x207.jpg 300w\" sizes=\"auto, (max-width: 601px) 100vw, 601px\" \/>\t\t\t\t\t\t\t\t\t\t\t\t\t\t\r\n\t\t<p><strong>Novonastali centar \u0161kolovao je u\u010denike za radni\u010dka i tehni\u010dka zanimanja u okviru sljede\u0107ih struka:<\/strong><\/p>\r\n<ul>\r\n<li><strong>metalska,<\/strong><\/li>\r\n<li><strong>hemijsko \u2013 tehnolo\u0161ka,<\/strong><\/li>\r\n<li><strong>tekstilna,<\/strong><\/li>\r\n<li><strong>ko\u017earska,<\/strong><\/li>\r\n<li><strong>gra\u0111evinsko \u2013geodetska i<\/strong><\/li>\r\n<li><strong>prehrambena.\u00a0\u00a0\u00a0\u00a0\u00a0\u00a0\u00a0\u00a0<\/strong><\/li>\r\n<\/ul><p><strong>\u0160kolski centar \u201e Hasan Buri\u0107 \u201c Br\u010dko razvijao se, tako da je \u0161kolske 1983\/84. godine ima oko 72 odjeljenja sa preko 2400 u\u010denika i preko 100 zaposlenih. Izgradnjom nove \u0161kolske zgrade, \u0161kolske 1985\/86. godine iz Tehni\u010dkog \u0161kolskog centra \u201e Hasan Buri\u0107 \u201c Br\u010dko izdvaja se kao samostalna ustanova Srednjo\u0161kolski centar \u201e25 Novembar\u201c Br\u010dko.<\/strong><\/p>\r\n<p><strong>Ova dva Obrazovna \u0161kolska centra radili su kao samostalne vaspitno \u2013 obrazovne ustanove do 1992. godine, odnosno do izbijanja ratnih dejstava, kada se zbog nastale situacije formiraju zasebne \u0161kole i to Tehni\u010dka \u0161kola \u201eMilan Stjepanovi\u0107\u201c Br\u010dko i JU Mje\u0161ovita srednja \u0161kola Gornji Rahi\u0107 &#8211; Br\u010dko. Tih godina \u0161kole su mijenjale nazive sve do ujedinjenja 01. septembra 2001. godine, kada se prihvata zajedni\u010dki naziv Javna ustanova Tehni\u010dka \u0161kola Br\u010dko.<\/strong><\/p>\t\t\r\n\t\t\t\t\t\t\t\t\t\t\t\t<img loading=\"lazy\" decoding=\"async\" width=\"655\" height=\"449\" src=\"http:\/\/tehnicka.skolabd.edu.ba\/wp-content\/uploads\/2019\/11\/masin5.jpg\" alt=\"\" loading=\"lazy\" srcset=\"http:\/\/tehnicka.skolabd.edu.ba\/wp-content\/uploads\/2019\/11\/masin5.jpg 655w, http:\/\/tehnicka.skolabd.edu.ba\/wp-content\/uploads\/2019\/11\/masin5-300x206.jpg 300w\" sizes=\"auto, (max-width: 655px) 100vw, 655px\" \/>\t\t\t\t\t\t\t\t\t\t\t\t\t\t\r\n\t\t\t\t\t\t\t\t\t\t\t\t<img loading=\"lazy\" decoding=\"async\" width=\"438\" height=\"571\" src=\"http:\/\/tehnicka.skolabd.edu.ba\/wp-content\/uploads\/2019\/11\/elektro9-1.jpg\" alt=\"\" loading=\"lazy\" srcset=\"http:\/\/tehnicka.skolabd.edu.ba\/wp-content\/uploads\/2019\/11\/elektro9-1.jpg 438w, http:\/\/tehnicka.skolabd.edu.ba\/wp-content\/uploads\/2019\/11\/elektro9-1-230x300.jpg 230w\" sizes=\"auto, (max-width: 438px) 100vw, 438px\" \/>\t\t\t\t\t\t\t\t\t\t\t\t\t\t\r\n\t\t<p><strong>JU Tehni\u010dka \u0161kola je \u0161kolske 2003\/04. godine obrazovala u\u010denike u tri podru\u010dja rada:<\/strong><\/p>\r\n<ul>\r\n<li><strong>ma\u0161instvo i obrada metala,<\/strong><\/li>\r\n<li><strong>elektrotehnika i<\/strong><\/li>\r\n<li><strong>tekstilstvo i ko\u017earstvo.<\/strong><\/li>\r\n<\/ul>\r\n<p><strong>A danas, JU Tehni\u010dka \u0161kola obrazuje u\u010denike u pet\u00a0 podru\u010dja rada:<\/strong><\/p>\r\n<ul>\r\n<li><strong>ma\u0161instvo i obrada metala,<\/strong><\/li>\r\n<li><strong>elektrotehnika,<\/strong><\/li>\r\n<li><strong>gra\u0111evinarstvo i geodezija<\/strong><\/li>\r\n<li><strong>tekstilstvo i ko\u017earstvo,<\/strong><\/li>\r\n<li><strong>saobra\u0107aj.<\/strong><\/li>\r\n<\/ul>","protected":false},"excerpt":{"rendered":"<p>0 U\u010denika trenutno poha\u0111a \u0161kolu Facebook Youtube Instagram Tiktok Direktor Dejan Nikoli\u0107 Folklor Ske\u010d Modna revija Previous Next &#8220;\u0416\u0435\u043b\u0438\u043e \u0431\u0438\u0445 \u0434\u0430 \u043f\u043e\u0437\u0434\u0440\u0430\u0432\u0438\u043c \u0441\u0432\u0435 \u043e\u0441\u043d\u043e\u0432\u0446\u0435 \u043e\u0434\u043d.\u0431\u0443\u0434\u0443\u045b\u0435 \u0441\u0440\u0435\u0434\u045a\u043e\u0448\u043a\u043e\u043b\u0446\u0435 \u0438 \u043d\u0430\u0434\u0430\u043c \u0441\u0435 \u0434\u0430 \u043e\u0432\u0443 \u0448\u043a\u043e\u043b\u0441\u043a\u0443 \u0433\u043e\u0434\u0438\u043d\u0443 \u043f\u0440\u0438\u0432\u043e\u0434\u0435 \u0443\u0441\u043f\u0458\u0435\u0448\u043d\u043e \u043a\u0440\u0430\u0458\u0443 \u0438 \u0434\u0430 \u045b\u0435 \u0434\u043e\u043d\u0438\u0458\u0435\u0442\u0438 \u043f\u0440\u0430\u0432\u0443 \u043e\u0434\u043b\u0443\u043a\u0443 \u043f\u0440\u0438\u043b\u0438\u043a\u043e\u043c \u0443\u043f\u0438\u0441\u0430 \u0443 \u0441\u0440\u0435\u0434\u045a\u0443 \u0448\u043a\u043e\u043b\u0443&#8221; \u0414\u0438\u0440\u0435\u043a\u0442\u043e\u0440 \u0414\u0435\u0458\u0430\u043d \u041d\u0438\u043a\u043e\u043b\u0438\u045b \u0434\u0440.\u0434\u0438\u043f\u043b.\u0438\u043d\u0433.\u0435\u043b\u0442\u0435\u0445. https:\/\/youtu.be\/xCmGbrF3hPw \u00a0 Za ovu [&hellip;]<\/p>\n","protected":false},"author":1,"featured_media":0,"parent":0,"menu_order":0,"comment_status":"closed","ping_status":"closed","template":"","meta":{"_monsterinsights_skip_tracking":false,"_monsterinsights_sitenote_active":false,"_monsterinsights_sitenote_note":"","_monsterinsights_sitenote_category":0,"footnotes":""},"class_list":["post-329","page","type-page","status-publish","hentry"],"_links":{"self":[{"href":"http:\/\/tehnicka.skolabd.edu.ba\/index.php\/wp-json\/wp\/v2\/pages\/329","targetHints":{"allow":["GET"]}}],"collection":[{"href":"http:\/\/tehnicka.skolabd.edu.ba\/index.php\/wp-json\/wp\/v2\/pages"}],"about":[{"href":"http:\/\/tehnicka.skolabd.edu.ba\/index.php\/wp-json\/wp\/v2\/types\/page"}],"author":[{"embeddable":true,"href":"http:\/\/tehnicka.skolabd.edu.ba\/index.php\/wp-json\/wp\/v2\/users\/1"}],"replies":[{"embeddable":true,"href":"http:\/\/tehnicka.skolabd.edu.ba\/index.php\/wp-json\/wp\/v2\/comments?post=329"}],"version-history":[{"count":2,"href":"http:\/\/tehnicka.skolabd.edu.ba\/index.php\/wp-json\/wp\/v2\/pages\/329\/revisions"}],"predecessor-version":[{"id":514,"href":"http:\/\/tehnicka.skolabd.edu.ba\/index.php\/wp-json\/wp\/v2\/pages\/329\/revisions\/514"}],"wp:attachment":[{"href":"http:\/\/tehnicka.skolabd.edu.ba\/index.php\/wp-json\/wp\/v2\/media?parent=329"}],"curies":[{"name":"wp","href":"https:\/\/api.w.org\/{rel}","templated":true}]}}